{"id":141,"date":"2020-12-12T11:35:19","date_gmt":"2020-12-12T10:35:19","guid":{"rendered":"http:\/\/ogrodtolas.pl\/?page_id=141"},"modified":"2022-12-26T17:51:30","modified_gmt":"2022-12-26T16:51:30","slug":"permakultura","status":"publish","type":"page","link":"https:\/\/ogrodtolas.pl\/index.php\/permakultura\/","title":{"rendered":"Permakultura"},"content":{"rendered":"\n<p><a href=\"https:\/\/pl.m.wikipedia.org\/wiki\/Permakultura\">Wikipedia<\/a> podaje 3 podstawowe zasady permakultury. Poni\u017cej przedstawiam je wraz z moj\u0105 interpretacj\u0105 <\/p>\n\n\n\n<p><strong>Troszcz si\u0119 o Ziemi\u0119<\/strong>&nbsp;(<em>Take care of the Earth<\/em>):  dbaj o ziemi\u0119, kt\u00f3ra jest podstaw\u0105 wszelakiego \u017cycia. Nie chodzi tu tylko o ro\u015bliny, kt\u00f3re daj\u0105 jedzenie Ale wszystko co z ni\u0105 zwi\u0105zane: Mikroorganizmy, owady, grzyby. Ziemia musi by\u0107 bogata w sk\u0142adniki mineralne oraz wolna od szkodliwych i sztucznych substancji. <\/p>\n\n\n\n<p><\/p>\n\n\n\n<p><strong>Troszcz si\u0119 o ludzi<\/strong>&nbsp;(<em>Take care of the people<\/em>): ka\u017cdy cz\u0142owiek musi mie\u0107 dost\u0119p do podstawowych \u015brodk\u00f3w do \u017cycia. Mie\u0107 wiedz\u0119 i mo\u017cliwo\u015b\u0107 godnego zaparacowania na swoje utrzymanie w szerszym znaczeniu tego poj\u0119cia.<\/p>\n\n\n\n<p><\/p>\n\n\n\n<p><strong>Dziel si\u0119 nadmiarem<\/strong>&nbsp;(<em>Share the surplus<\/em>): naszym celem jest stworzenie zdrowego systemu zdolnego nas wy\u017cywi\u0107. Przede wszystkim nic nie powinno si\u0119 zmarnowa\u0107. Nadwy\u017cki mo\u017cna sprzeda\u0107 albo wymieni\u0107, resztki zwr\u00f3ci\u0107 do ziemi w formie kompostu na przyk\u0142ad.  Jestem daleki od jakiegokolwiek rozdawnictwa. Ka\u017cdy powinien zapracowa\u0107 na swoje utrzymanie.<\/p>\n\n\n\n<p><\/p>\n\n\n\n<p>Wszystkie te zasady maj\u0105 na celu stworzenie zdrowego i zr\u00f3wnowa\u017conego ekosystemu. Ziemia dba o cz\u0142owieka, A cz\u0142owiek dba o ziemi\u0119. <\/p>\n\n\n\n<p>Nadmiar oraz jakiejkolwiek braki w naszym ekosystemie zaburzaja r\u00f3wnowag\u0119 i system si\u0119 rozpada.<\/p>\n\n\n\n<p>Tworzymy \u015brodowisko z kt\u00f3rym wsp\u00f3\u0142istniejemy, pracujemy i zarz\u0105dzamy dbaj\u0105c aby r\u00f3wnowaga by\u0142a zachowana. <\/p>\n\n\n\n<p><blockquote class=\"wp-embedded-content\" data-secret=\"HSjpkb959D\"><a href=\"https:\/\/ogrodtolas.pl\/index.php\/2022\/01\/11\/obserwuj-i-bierz-udzial\/\">Obserwuj i bierz udzia\u0142<\/a><\/blockquote><iframe loading=\"lazy\" class=\"wp-embedded-content\" sandbox=\"allow-scripts\" security=\"restricted\" style=\"position: absolute; visibility: hidden;\" title=\"&#8222;Obserwuj i bierz udzia\u0142&#8221; &#8212; Ogr\u00f3d to las\" src=\"https:\/\/ogrodtolas.pl\/index.php\/2022\/01\/11\/obserwuj-i-bierz-udzial\/embed\/#?secret=Lr5s1i6rMy#?secret=HSjpkb959D\" data-secret=\"HSjpkb959D\" width=\"500\" height=\"282\" frameborder=\"0\" marginwidth=\"0\" marginheight=\"0\" scrolling=\"no\"><\/iframe><\/p>\n\n\n\n<p><blockquote class=\"wp-embedded-content\" data-secret=\"H8j23JIr2m\"><a href=\"https:\/\/ogrodtolas.pl\/index.php\/2022\/12\/26\/zatrzymujemy-energie\/\">Zatrzymujemy energi\u0119<\/a><\/blockquote><iframe loading=\"lazy\" class=\"wp-embedded-content\" sandbox=\"allow-scripts\" security=\"restricted\" style=\"position: absolute; visibility: hidden;\" title=\"&#8222;Zatrzymujemy energi\u0119&#8221; &#8212; Ogr\u00f3d to las\" src=\"https:\/\/ogrodtolas.pl\/index.php\/2022\/12\/26\/zatrzymujemy-energie\/embed\/#?secret=K7FgXRXSGf#?secret=H8j23JIr2m\" data-secret=\"H8j23JIr2m\" width=\"500\" height=\"282\" frameborder=\"0\" marginwidth=\"0\" marginheight=\"0\" scrolling=\"no\"><\/iframe><\/p>\n\n\n\n<p><\/p>\n","protected":false},"excerpt":{"rendered":"<p>Wikipedia podaje 3 podstawowe zasady permakultury. Poni\u017cej przedstawiam je wraz z moj\u0105 interpretacj\u0105 Troszcz si\u0119 o Ziemi\u0119&nbsp;(Take care of the Earth): dbaj o ziemi\u0119, kt\u00f3ra jest podstaw\u0105 wszelakiego \u017cycia. Nie chodzi tu tylko o&#46;&#46;&#46;<\/p>\n","protected":false},"author":1,"featured_media":0,"parent":0,"menu_order":0,"comment_status":"closed","ping_status":"closed","template":"","meta":{"footnotes":""},"class_list":["post-141","page","type-page","status-publish","hentry"],"_links":{"self":[{"href":"https:\/\/ogrodtolas.pl\/index.php\/wp-json\/wp\/v2\/pages\/141","targetHints":{"allow":["GET"]}}],"collection":[{"href":"https:\/\/ogrodtolas.pl\/index.php\/wp-json\/wp\/v2\/pages"}],"about":[{"href":"https:\/\/ogrodtolas.pl\/index.php\/wp-json\/wp\/v2\/types\/page"}],"author":[{"embeddable":true,"href":"https:\/\/ogrodtolas.pl\/index.php\/wp-json\/wp\/v2\/users\/1"}],"replies":[{"embeddable":true,"href":"https:\/\/ogrodtolas.pl\/index.php\/wp-json\/wp\/v2\/comments?post=141"}],"version-history":[{"count":11,"href":"https:\/\/ogrodtolas.pl\/index.php\/wp-json\/wp\/v2\/pages\/141\/revisions"}],"predecessor-version":[{"id":636,"href":"https:\/\/ogrodtolas.pl\/index.php\/wp-json\/wp\/v2\/pages\/141\/revisions\/636"}],"wp:attachment":[{"href":"https:\/\/ogrodtolas.pl\/index.php\/wp-json\/wp\/v2\/media?parent=141"}],"curies":[{"name":"wp","href":"https:\/\/api.w.org\/{rel}","templated":true}]}}