{"id":40,"date":"2020-12-08T21:34:23","date_gmt":"2020-12-08T20:34:23","guid":{"rendered":"http:\/\/ogrodtolas.pl\/?page_id=40"},"modified":"2021-08-02T20:58:16","modified_gmt":"2021-08-02T18:58:16","slug":"warzywa","status":"publish","type":"page","link":"https:\/\/ogrodtolas.pl\/index.php\/warzywa\/","title":{"rendered":"Warzywa"},"content":{"rendered":"\n<p><a href=\"https:\/\/ogrodtolas.pl\/index.php\/bob\/\">B\u00f3b<\/a><\/p>\n\n\n\n<p><a href=\"https:\/\/ogrodtolas.pl\/index.php\/groszek\/\">Groszek<\/a><\/p>\n\n\n\n<p><a href=\"https:\/\/ogrodtolas.pl\/index.php\/2021\/01\/23\/papryka-habanero\/\" data-type=\"URL\" data-id=\"https:\/\/ogrodtolas.pl\/index.php\/2021\/01\/23\/papryka-habanero\/\">Hapryka Habanero<\/a><\/p>\n\n\n\n<p><a href=\"https:\/\/ogrodtolas.pl\/index.php\/2021\/02\/14\/rozsada\/\">Rozsada &#8211; papryka, pomidor, sa\u0142ata<\/a><\/p>\n\n\n\n<p><a href=\"https:\/\/ogrodtolas.pl\/index.php\/salata\/\">Sa\u0142ata<\/a><\/p>\n\n\n\n<p><a href=\"https:\/\/ogrodtolas.pl\/index.php\/ziemniaki\/\">Ziemniaki<\/a> <\/p>\n","protected":false},"excerpt":{"rendered":"<p>B\u00f3b Groszek Hapryka Habanero Rozsada &#8211; papryka, pomidor, sa\u0142ata Sa\u0142ata Ziemniaki<\/p>\n","protected":false},"author":1,"featured_media":0,"parent":0,"menu_order":0,"comment_status":"closed","ping_status":"closed","template":"","meta":{"footnotes":""},"class_list":["post-40","page","type-page","status-publish","hentry"],"_links":{"self":[{"href":"https:\/\/ogrodtolas.pl\/index.php\/wp-json\/wp\/v2\/pages\/40","targetHints":{"allow":["GET"]}}],"collection":[{"href":"https:\/\/ogrodtolas.pl\/index.php\/wp-json\/wp\/v2\/pages"}],"about":[{"href":"https:\/\/ogrodtolas.pl\/index.php\/wp-json\/wp\/v2\/types\/page"}],"author":[{"embeddable":true,"href":"https:\/\/ogrodtolas.pl\/index.php\/wp-json\/wp\/v2\/users\/1"}],"replies":[{"embeddable":true,"href":"https:\/\/ogrodtolas.pl\/index.php\/wp-json\/wp\/v2\/comments?post=40"}],"version-history":[{"count":8,"href":"https:\/\/ogrodtolas.pl\/index.php\/wp-json\/wp\/v2\/pages\/40\/revisions"}],"predecessor-version":[{"id":508,"href":"https:\/\/ogrodtolas.pl\/index.php\/wp-json\/wp\/v2\/pages\/40\/revisions\/508"}],"wp:attachment":[{"href":"https:\/\/ogrodtolas.pl\/index.php\/wp-json\/wp\/v2\/media?parent=40"}],"curies":[{"name":"wp","href":"https:\/\/api.w.org\/{rel}","templated":true}]}}