{"id":462,"date":"2021-07-23T16:16:33","date_gmt":"2021-07-23T14:16:33","guid":{"rendered":"http:\/\/ogrodtolas.pl\/?page_id=462"},"modified":"2021-08-09T18:16:03","modified_gmt":"2021-08-09T16:16:03","slug":"ananas","status":"publish","type":"page","link":"https:\/\/ogrodtolas.pl\/index.php\/ananas\/","title":{"rendered":"Ananas"},"content":{"rendered":"\n<figure class=\"wp-block-gallery columns-1 is-cropped wp-block-gallery-1 is-layout-flex wp-block-gallery-is-layout-flex\"><ul class=\"blocks-gallery-grid\"><li class=\"blocks-gallery-item\"><figure><img loading=\"lazy\" decoding=\"async\" width=\"576\" height=\"1024\" src=\"https:\/\/ogrodtolas.pl\/wp-content\/uploads\/2021\/07\/20210610_095635-576x1024.jpg\" alt=\"\" data-id=\"463\" data-full-url=\"https:\/\/ogrodtolas.pl\/wp-content\/uploads\/2021\/07\/20210610_095635-scaled.jpg\" data-link=\"https:\/\/ogrodtolas.pl\/?attachment_id=463\" class=\"wp-image-463\" srcset=\"https:\/\/ogrodtolas.pl\/wp-content\/uploads\/2021\/07\/20210610_095635-576x1024.jpg 576w, https:\/\/ogrodtolas.pl\/wp-content\/uploads\/2021\/07\/20210610_095635-169x300.jpg 169w, https:\/\/ogrodtolas.pl\/wp-content\/uploads\/2021\/07\/20210610_095635-768x1365.jpg 768w, https:\/\/ogrodtolas.pl\/wp-content\/uploads\/2021\/07\/20210610_095635-864x1536.jpg 864w, https:\/\/ogrodtolas.pl\/wp-content\/uploads\/2021\/07\/20210610_095635-1152x2048.jpg 1152w, https:\/\/ogrodtolas.pl\/wp-content\/uploads\/2021\/07\/20210610_095635-scaled.jpg 1440w\" sizes=\"auto, (max-width: 576px) 100vw, 576px\" \/><\/figure><\/li><\/ul><\/figure>\n\n\n\n<p>Mia\u0142em zamiar wywali\u0107 do kosza, w ostatniej chwili zmieni\u0142em jednak zdanie. Z relacji znajomych wynika, \u017ce jeszcze nikomu nie uda\u0142o si\u0119 wychodowa\u0107 ananasa ze zjedzonego owocu.<\/p>\n\n\n\n<p>Wydaj\u0119 si\u0119 to proste. Obcinasz ko\u0144c\u00f3wk\u0119 a nast\u0119pnie trzeba go troch\u0119 oczy\u015bci\u0107 z resztek i do s\u0142oika z wod\u0105. <\/p>\n\n\n\n<p>Po jakim\u015b czasie jedynym rezultatem tej operacji by\u0142a \u015bmierdz\u0105ca woda. Kontynuowa\u0142em jednak ten eksperyment wymieniaj\u0105c wod\u0119, dodaj\u0105c jednocze\u015bnie nawozu naturalnego u\u017cywanego mi\u0119dzy innymi w uprawach hydroponicznych.<\/p>\n\n\n\n<figure class=\"wp-block-image size-large\"><img loading=\"lazy\" decoding=\"async\" width=\"576\" height=\"1024\" src=\"https:\/\/ogrodtolas.pl\/wp-content\/uploads\/2021\/08\/20210809_091757-576x1024.jpg\" alt=\"\" class=\"wp-image-513\" srcset=\"https:\/\/ogrodtolas.pl\/wp-content\/uploads\/2021\/08\/20210809_091757-576x1024.jpg 576w, https:\/\/ogrodtolas.pl\/wp-content\/uploads\/2021\/08\/20210809_091757-169x300.jpg 169w, https:\/\/ogrodtolas.pl\/wp-content\/uploads\/2021\/08\/20210809_091757-768x1365.jpg 768w, https:\/\/ogrodtolas.pl\/wp-content\/uploads\/2021\/08\/20210809_091757-864x1536.jpg 864w, https:\/\/ogrodtolas.pl\/wp-content\/uploads\/2021\/08\/20210809_091757-1152x2048.jpg 1152w, https:\/\/ogrodtolas.pl\/wp-content\/uploads\/2021\/08\/20210809_091757-scaled.jpg 1440w\" sizes=\"auto, (max-width: 576px) 100vw, 576px\" \/><\/figure>\n\n\n\n<p>Po miesi\u0105cu w dalszym ci\u0105gu nie jestem w stanie stwierdzi\u0107 czy wyros\u0142y jakie\u015b korzenie czy to tylko resztki nieoczyszczonego owocu. Pewnie jest tylko to, \u017ce cz\u0119\u015b\u0107 li\u015bci w dalszym ci\u0105gu jest zielona.<\/p>\n\n\n\n<p>Mimo wszystko nie poddaj\u0119 si\u0119. Wsadzi\u0142em ostatecznie ananasa do ziemi z du\u017c\u0105 ilo\u015bci\u0105 wspominanego wcze\u015bniej nawozu organicznego i czekam dalej.<\/p>\n\n\n\n<p>Dam mu czas &#8230;.. \ud83d\ude00<\/p>\n","protected":false},"excerpt":{"rendered":"<p>Mia\u0142em zamiar wywali\u0107 do kosza, w ostatniej chwili zmieni\u0142em jednak zdanie. Z relacji znajomych wynika, \u017ce jeszcze nikomu nie uda\u0142o si\u0119 wychodowa\u0107 ananasa ze zjedzonego owocu. Wydaj\u0119 si\u0119 to proste. Obcinasz ko\u0144c\u00f3wk\u0119 a nast\u0119pnie&#46;&#46;&#46;<\/p>\n","protected":false},"author":1,"featured_media":0,"parent":0,"menu_order":0,"comment_status":"closed","ping_status":"closed","template":"","meta":{"footnotes":""},"class_list":["post-462","page","type-page","status-publish","hentry"],"_links":{"self":[{"href":"https:\/\/ogrodtolas.pl\/index.php\/wp-json\/wp\/v2\/pages\/462","targetHints":{"allow":["GET"]}}],"collection":[{"href":"https:\/\/ogrodtolas.pl\/index.php\/wp-json\/wp\/v2\/pages"}],"about":[{"href":"https:\/\/ogrodtolas.pl\/index.php\/wp-json\/wp\/v2\/types\/page"}],"author":[{"embeddable":true,"href":"https:\/\/ogrodtolas.pl\/index.php\/wp-json\/wp\/v2\/users\/1"}],"replies":[{"embeddable":true,"href":"https:\/\/ogrodtolas.pl\/index.php\/wp-json\/wp\/v2\/comments?post=462"}],"version-history":[{"count":5,"href":"https:\/\/ogrodtolas.pl\/index.php\/wp-json\/wp\/v2\/pages\/462\/revisions"}],"predecessor-version":[{"id":514,"href":"https:\/\/ogrodtolas.pl\/index.php\/wp-json\/wp\/v2\/pages\/462\/revisions\/514"}],"wp:attachment":[{"href":"https:\/\/ogrodtolas.pl\/index.php\/wp-json\/wp\/v2\/media?parent=462"}],"curies":[{"name":"wp","href":"https:\/\/api.w.org\/{rel}","templated":true}]}}